{"id":692,"date":"2016-03-10T14:36:36","date_gmt":"2016-03-10T14:36:36","guid":{"rendered":"http:\/\/houzez01.favethemes.com\/?page_id=692"},"modified":"2022-02-02T07:17:55","modified_gmt":"2022-02-02T07:17:55","slug":"about-houzez","status":"publish","type":"page","link":"https:\/\/richard-vacances.com\/V3\/index.php\/about-houzez\/","title":{"rendered":"Nos Agences"},"content":{"rendered":"\t\t<div data-elementor-type=\"wp-post\" data-elementor-id=\"692\" class=\"elementor elementor-692\" data-elementor-settings=\"[]\">\n\t\t\t\t\t\t\t<div class=\"elementor-section-wrap\">\n\t\t\t\t\t\t\t<section class=\"elementor-section elementor-top-section elementor-element elementor-element-2d929193 elementor-section-boxed elementor-section-height-default elementor-section-height-default\" data-id=\"2d929193\" data-element_type=\"section\" data-settings=\"{&quot;background_background&quot;:&quot;classic&quot;}\">\n\t\t\t\t\t\t<div class=\"elementor-container elementor-column-gap-default\">\n\t\t\t\t\t<div class=\"elementor-column elementor-col-100 elementor-top-column elementor-element elementor-element-a84cef0\" data-id=\"a84cef0\" data-element_type=\"column\">\n\t\t\t<div class=\"elementor-widget-wrap elementor-element-populated\">\n\t\t\t\t\t\t\t\t<div class=\"elementor-element elementor-element-fcf621a animated-slow elementor-invisible elementor-widget elementor-widget-houzez_elementor_section_title\" data-id=\"fcf621a\" data-element_type=\"widget\" data-settings=\"{&quot;_animation&quot;:&quot;fadeIn&quot;}\" data-widget_type=\"houzez_elementor_section_title.default\">\n\t\t\t\t<div class=\"elementor-widget-container\">\n\t\t\t            <div class=\"houzez_section_title_wrap section-title-module\">\n                                    <h2 class=\"houzez_section_title\">Bienvenue sur notre site\n<\/h2>\n                \n                            <\/div>\n            \t\t<\/div>\n\t\t\t\t<\/div>\n\t\t\t\t<div class=\"elementor-element elementor-element-65f7c2a2 elementor-widget elementor-widget-text-editor\" data-id=\"65f7c2a2\" data-element_type=\"widget\" data-widget_type=\"text-editor.default\">\n\t\t\t\t<div class=\"elementor-widget-container\">\n\t\t\t<style>\/*! elementor - v3.5.4 - 23-01-2022 *\/\n.elementor-widget-text-editor.elementor-drop-cap-view-stacked .elementor-drop-cap{background-color:#818a91;color:#fff}.elementor-widget-text-editor.elementor-drop-cap-view-framed .elementor-drop-cap{color:#818a91;border:3px solid;background-color:transparent}.elementor-widget-text-editor:not(.elementor-drop-cap-view-default) .elementor-drop-cap{margin-top:8px}.elementor-widget-text-editor:not(.elementor-drop-cap-view-default) .elementor-drop-cap-letter{width:1em;height:1em}.elementor-widget-text-editor .elementor-drop-cap{float:left;text-align:center;line-height:1;font-size:50px}.elementor-widget-text-editor .elementor-drop-cap-letter{display:inline-block}<\/style>\t\t\t\t<p><span style=\"color: rgb(0, 0, 0); font-family: Lato, &quot;Helvetica Neue&quot;, Helvetica, Arial, sans-serif; font-size: 18px;\">Nos agences, bas\u00e9es \u00e0 Loctudy , l\u2019Ile Tudy et B\u00e9nodet vous proposent depuis plus de 40 ans un large choix de villas confortables, appartements sur mer, pentys r\u00e9nov\u00e9s en campagne\u2026dans le Pays Bigouden (LOCTUDY \u2013 LESCONIL \u2013 TREFFIAGAT \u2013 PLOUHINEC \u2013 PLOMEUR \u2013 LE GUILVINEC- PLONEOUR LANVERN \u2013 PENMARC\u2019 H \u2013 SAINT GUENOLE \u2013 ILE TUDY \u2013 SAINTE MARINE \u2013 COMBRIT \u2013 PONT L\u2019ABBE) ainsi qu\u2019\u00e0 BENODET \u2013 GOUESNACH \u2013 BEG MEIL &#8230;<\/span><br><\/p><p><span style=\"color: rgb(0, 0, 0); font-family: Lato, &quot;Helvetica Neue&quot;, Helvetica, Arial, sans-serif; font-size: 18px;\"><br><\/span><\/p><p><span style=\"color: rgb(0, 0, 0); font-family: Lato, &quot;Helvetica Neue&quot;, Helvetica, Arial, sans-serif; font-size: 18px;\">Toutes nos locations sont soigneusement s\u00e9lectionn\u00e9es et v\u00e9rifi\u00e9es r\u00e9guli\u00e8rement pour vous apporter la garantie de vacances r\u00e9ussies.<\/span><br style=\"color: rgb(0, 0, 0); font-family: Lato, &quot;Helvetica Neue&quot;, Helvetica, Arial, sans-serif; font-size: 18px;\"><span style=\"color: rgb(0, 0, 0); font-family: Lato, &quot;Helvetica Neue&quot;, Helvetica, Arial, sans-serif; font-size: 18px;\">Par ailleurs, notre \u00e9quipe sera toujours \u00e0 votre disposition durant votre s\u00e9jour. Ainsi, elle vous conseillera sur les nombreux sites \u00e0 visiter, elle vous confiera ses \u201dbonnes petites adresses \u201d et s\u2019efforcera de vous donner toutes les informations que vous souhaiterez avoir sur notre belle r\u00e9gion.<\/span><span style=\"color: rgb(0, 0, 0); font-family: Lato, &quot;Helvetica Neue&quot;, Helvetica, Arial, sans-serif; font-size: 18px;\"><br><\/span><\/p>\t\t\t\t\t\t<\/div>\n\t\t\t\t<\/div>\n\t\t\t\t\t<\/div>\n\t\t<\/div>\n\t\t\t\t\t\t\t<\/div>\n\t\t<\/section>\n\t\t\t\t<section class=\"elementor-section elementor-top-section elementor-element elementor-element-28d6da1e elementor-section-boxed elementor-section-height-default elementor-section-height-default\" data-id=\"28d6da1e\" data-element_type=\"section\">\n\t\t\t\t\t\t<div class=\"elementor-container elementor-column-gap-default\">\n\t\t\t\t\t<div class=\"elementor-column elementor-col-100 elementor-top-column elementor-element elementor-element-1959291f\" data-id=\"1959291f\" data-element_type=\"column\">\n\t\t\t<div class=\"elementor-widget-wrap elementor-element-populated\">\n\t\t\t\t\t\t\t\t<div class=\"elementor-element elementor-element-be42aa1 elementor-widget elementor-widget-image\" data-id=\"be42aa1\" data-element_type=\"widget\" data-widget_type=\"image.default\">\n\t\t\t\t<div class=\"elementor-widget-container\">\n\t\t\t<style>\/*! elementor - v3.5.4 - 23-01-2022 *\/\n.elementor-widget-image{text-align:center}.elementor-widget-image a{display:inline-block}.elementor-widget-image a img[src$=\".svg\"]{width:48px}.elementor-widget-image img{vertical-align:middle;display:inline-block}<\/style>\t\t\t\t\t\t\t\t\t\t\t\t<img loading=\"lazy\" decoding=\"async\" width=\"899\" height=\"220\" src=\"https:\/\/richard-vacances.com\/V3\/wp-content\/uploads\/2022\/02\/banniere_agences.jpg\" class=\"attachment-large size-large\" alt=\"\" srcset=\"https:\/\/richard-vacances.com\/V3\/wp-content\/uploads\/2022\/02\/banniere_agences.jpg 899w, https:\/\/richard-vacances.com\/V3\/wp-content\/uploads\/2022\/02\/banniere_agences-360x88.jpg 360w, https:\/\/richard-vacances.com\/V3\/wp-content\/uploads\/2022\/02\/banniere_agences-768x188.jpg 768w, https:\/\/richard-vacances.com\/V3\/wp-content\/uploads\/2022\/02\/banniere_agences-496x121.jpg 496w\" sizes=\"auto, (max-width: 899px) 100vw, 899px\" \/>\t\t\t\t\t\t\t\t\t\t\t\t\t\t\t<\/div>\n\t\t\t\t<\/div>\n\t\t\t\t\t<\/div>\n\t\t<\/div>\n\t\t\t\t\t\t\t<\/div>\n\t\t<\/section>\n\t\t\t\t\t\t<\/div>\n\t\t\t\t\t<\/div>\n\t\t","protected":false},"excerpt":{"rendered":"<p>Bienvenue sur notre site Nos agences, bas\u00e9es \u00e0 Loctudy , l\u2019Ile Tudy et B\u00e9nodet vous proposent depuis plus de 40 ans un large choix de villas confortables, appartements sur mer, pentys r\u00e9nov\u00e9s en campagne\u2026dans le Pays Bigouden (LOCTUDY \u2013 LESCONIL \u2013 TREFFIAGAT \u2013 PLOUHINEC \u2013 PLOMEUR \u2013 LE GUILVINEC- PLONEOUR LANVERN \u2013 PENMARC\u2019 H \u2013 [&hellip;]<\/p>\n","protected":false},"author":1,"featured_media":0,"parent":0,"menu_order":0,"comment_status":"closed","ping_status":"closed","template":"elementor_header_footer","meta":{"footnotes":""},"class_list":["post-692","page","type-page","status-publish","hentry"],"yoast_head":"<!-- This site is optimized with the Yoast SEO plugin v17.9 - https:\/\/yoast.com\/wordpress\/plugins\/seo\/ -->\n<title>Nos Agences - Richard Vacances<\/title>\n<meta name=\"robots\" content=\"index, follow, max-snippet:-1, max-image-preview:large, max-video-preview:-1\" \/>\n<link rel=\"canonical\" href=\"https:\/\/richard-vacances.com\/V3\/index.php\/about-houzez\/\" \/>\n<meta property=\"og:locale\" content=\"fr_FR\" \/>\n<meta property=\"og:type\" content=\"article\" \/>\n<meta property=\"og:title\" content=\"Nos Agences - Richard Vacances\" \/>\n<meta property=\"og:description\" content=\"Bienvenue sur notre site Nos agences, bas\u00e9es \u00e0 Loctudy , l\u2019Ile Tudy et B\u00e9nodet vous proposent depuis plus de 40 ans un large choix de villas confortables, appartements sur mer, pentys r\u00e9nov\u00e9s en campagne\u2026dans le Pays Bigouden (LOCTUDY \u2013 LESCONIL \u2013 TREFFIAGAT \u2013 PLOUHINEC \u2013 PLOMEUR \u2013 LE GUILVINEC- PLONEOUR LANVERN \u2013 PENMARC\u2019 H \u2013 [&hellip;]\" \/>\n<meta property=\"og:url\" content=\"https:\/\/richard-vacances.com\/V3\/index.php\/about-houzez\/\" \/>\n<meta property=\"og:site_name\" content=\"Richard Vacances\" \/>\n<meta property=\"article:modified_time\" content=\"2022-02-02T07:17:55+00:00\" \/>\n<meta property=\"og:image\" content=\"https:\/\/richard-vacances.com\/V3\/wp-content\/uploads\/2022\/02\/banniere_agences.jpg\" \/>\n<meta name=\"twitter:card\" content=\"summary_large_image\" \/>\n<meta name=\"twitter:label1\" content=\"Dur\u00e9e de lecture estim\u00e9e\" \/>\n\t<meta name=\"twitter:data1\" content=\"1 minute\" \/>\n<script type=\"application\/ld+json\" class=\"yoast-schema-graph\">{\"@context\":\"https:\/\/schema.org\",\"@graph\":[{\"@type\":\"WebSite\",\"@id\":\"https:\/\/richard-vacances.com\/V3\/#website\",\"url\":\"https:\/\/richard-vacances.com\/V3\/\",\"name\":\"Richard Vacances\",\"description\":\"Location de vacances en Bretagne\",\"potentialAction\":[{\"@type\":\"SearchAction\",\"target\":{\"@type\":\"EntryPoint\",\"urlTemplate\":\"https:\/\/richard-vacances.com\/V3\/?s={search_term_string}\"},\"query-input\":\"required name=search_term_string\"}],\"inLanguage\":\"fr-FR\"},{\"@type\":\"ImageObject\",\"@id\":\"https:\/\/richard-vacances.com\/V3\/index.php\/about-houzez\/#primaryimage\",\"inLanguage\":\"fr-FR\",\"url\":\"https:\/\/richard-vacances.com\/V3\/wp-content\/uploads\/2022\/02\/banniere_agences.jpg\",\"contentUrl\":\"https:\/\/richard-vacances.com\/V3\/wp-content\/uploads\/2022\/02\/banniere_agences.jpg\",\"width\":899,\"height\":220},{\"@type\":\"WebPage\",\"@id\":\"https:\/\/richard-vacances.com\/V3\/index.php\/about-houzez\/#webpage\",\"url\":\"https:\/\/richard-vacances.com\/V3\/index.php\/about-houzez\/\",\"name\":\"Nos Agences - Richard Vacances\",\"isPartOf\":{\"@id\":\"https:\/\/richard-vacances.com\/V3\/#website\"},\"primaryImageOfPage\":{\"@id\":\"https:\/\/richard-vacances.com\/V3\/index.php\/about-houzez\/#primaryimage\"},\"datePublished\":\"2016-03-10T14:36:36+00:00\",\"dateModified\":\"2022-02-02T07:17:55+00:00\",\"breadcrumb\":{\"@id\":\"https:\/\/richard-vacances.com\/V3\/index.php\/about-houzez\/#breadcrumb\"},\"inLanguage\":\"fr-FR\",\"potentialAction\":[{\"@type\":\"ReadAction\",\"target\":[\"https:\/\/richard-vacances.com\/V3\/index.php\/about-houzez\/\"]}]},{\"@type\":\"BreadcrumbList\",\"@id\":\"https:\/\/richard-vacances.com\/V3\/index.php\/about-houzez\/#breadcrumb\",\"itemListElement\":[{\"@type\":\"ListItem\",\"position\":1,\"name\":\"Home\",\"item\":\"https:\/\/richard-vacances.com\/V3\/\"},{\"@type\":\"ListItem\",\"position\":2,\"name\":\"Nos Agences\"}]}]}<\/script>\n<!-- \/ Yoast SEO plugin. -->","yoast_head_json":{"title":"Nos Agences - Richard Vacances","robots":{"index":"index","follow":"follow","max-snippet":"max-snippet:-1","max-image-preview":"max-image-preview:large","max-video-preview":"max-video-preview:-1"},"canonical":"https:\/\/richard-vacances.com\/V3\/index.php\/about-houzez\/","og_locale":"fr_FR","og_type":"article","og_title":"Nos Agences - Richard Vacances","og_description":"Bienvenue sur notre site Nos agences, bas\u00e9es \u00e0 Loctudy , l\u2019Ile Tudy et B\u00e9nodet vous proposent depuis plus de 40 ans un large choix de villas confortables, appartements sur mer, pentys r\u00e9nov\u00e9s en campagne\u2026dans le Pays Bigouden (LOCTUDY \u2013 LESCONIL \u2013 TREFFIAGAT \u2013 PLOUHINEC \u2013 PLOMEUR \u2013 LE GUILVINEC- PLONEOUR LANVERN \u2013 PENMARC\u2019 H \u2013 [&hellip;]","og_url":"https:\/\/richard-vacances.com\/V3\/index.php\/about-houzez\/","og_site_name":"Richard Vacances","article_modified_time":"2022-02-02T07:17:55+00:00","og_image":[{"url":"https:\/\/richard-vacances.com\/V3\/wp-content\/uploads\/2022\/02\/banniere_agences.jpg"}],"twitter_card":"summary_large_image","twitter_misc":{"Dur\u00e9e de lecture estim\u00e9e":"1 minute"},"schema":{"@context":"https:\/\/schema.org","@graph":[{"@type":"WebSite","@id":"https:\/\/richard-vacances.com\/V3\/#website","url":"https:\/\/richard-vacances.com\/V3\/","name":"Richard Vacances","description":"Location de vacances en Bretagne","potentialAction":[{"@type":"SearchAction","target":{"@type":"EntryPoint","urlTemplate":"https:\/\/richard-vacances.com\/V3\/?s={search_term_string}"},"query-input":"required name=search_term_string"}],"inLanguage":"fr-FR"},{"@type":"ImageObject","@id":"https:\/\/richard-vacances.com\/V3\/index.php\/about-houzez\/#primaryimage","inLanguage":"fr-FR","url":"https:\/\/richard-vacances.com\/V3\/wp-content\/uploads\/2022\/02\/banniere_agences.jpg","contentUrl":"https:\/\/richard-vacances.com\/V3\/wp-content\/uploads\/2022\/02\/banniere_agences.jpg","width":899,"height":220},{"@type":"WebPage","@id":"https:\/\/richard-vacances.com\/V3\/index.php\/about-houzez\/#webpage","url":"https:\/\/richard-vacances.com\/V3\/index.php\/about-houzez\/","name":"Nos Agences - Richard Vacances","isPartOf":{"@id":"https:\/\/richard-vacances.com\/V3\/#website"},"primaryImageOfPage":{"@id":"https:\/\/richard-vacances.com\/V3\/index.php\/about-houzez\/#primaryimage"},"datePublished":"2016-03-10T14:36:36+00:00","dateModified":"2022-02-02T07:17:55+00:00","breadcrumb":{"@id":"https:\/\/richard-vacances.com\/V3\/index.php\/about-houzez\/#breadcrumb"},"inLanguage":"fr-FR","potentialAction":[{"@type":"ReadAction","target":["https:\/\/richard-vacances.com\/V3\/index.php\/about-houzez\/"]}]},{"@type":"BreadcrumbList","@id":"https:\/\/richard-vacances.com\/V3\/index.php\/about-houzez\/#breadcrumb","itemListElement":[{"@type":"ListItem","position":1,"name":"Home","item":"https:\/\/richard-vacances.com\/V3\/"},{"@type":"ListItem","position":2,"name":"Nos Agences"}]}]}},"_links":{"self":[{"href":"https:\/\/richard-vacances.com\/V3\/index.php\/wp-json\/wp\/v2\/pages\/692","targetHints":{"allow":["GET"]}}],"collection":[{"href":"https:\/\/richard-vacances.com\/V3\/index.php\/wp-json\/wp\/v2\/pages"}],"about":[{"href":"https:\/\/richard-vacances.com\/V3\/index.php\/wp-json\/wp\/v2\/types\/page"}],"author":[{"embeddable":true,"href":"https:\/\/richard-vacances.com\/V3\/index.php\/wp-json\/wp\/v2\/users\/1"}],"replies":[{"embeddable":true,"href":"https:\/\/richard-vacances.com\/V3\/index.php\/wp-json\/wp\/v2\/comments?post=692"}],"version-history":[{"count":28,"href":"https:\/\/richard-vacances.com\/V3\/index.php\/wp-json\/wp\/v2\/pages\/692\/revisions"}],"predecessor-version":[{"id":95979,"href":"https:\/\/richard-vacances.com\/V3\/index.php\/wp-json\/wp\/v2\/pages\/692\/revisions\/95979"}],"wp:attachment":[{"href":"https:\/\/richard-vacances.com\/V3\/index.php\/wp-json\/wp\/v2\/media?parent=692"}],"curies":[{"name":"wp","href":"https:\/\/api.w.org\/{rel}","templated":true}]}}